{"id":417,"date":"2022-11-27T18:41:20","date_gmt":"2022-11-27T17:41:20","guid":{"rendered":"https:\/\/nursingreview.eu\/?page_id=417"},"modified":"2022-11-27T18:46:14","modified_gmt":"2022-11-27T17:46:14","slug":"2022-2","status":"publish","type":"page","link":"https:\/\/nursingreview.eu\/?page_id=417","title":{"rendered":"2022"},"content":{"rendered":"\n<table id=\"tablepress-6\" class=\"tablepress tablepress-id-6\">\n<tbody class=\"row-hover\">\n<tr class=\"row-1 odd\">\n\t<td class=\"column-1\">full download<\/td><td class=\"column-2\"><a href=\"https:\/\/nursingreview.eu\/wp-content\/uploads\/2022\/12\/CENR_2022_1.pdf\" rel=\"noopener\" target=\"_blank\"><img loading=\"lazy\" decoding=\"async\" src=\"https:\/\/nursingreview.eu\/wp-content\/uploads\/2022\/12\/okladka-CENR-188x300.png\" alt=\"\" width=\"188\" height=\"300\" class=\"alignnone size-medium wp-image-443\" srcset=\"https:\/\/nursingreview.eu\/wp-content\/uploads\/2022\/12\/okladka-CENR-188x300.png 188w, https:\/\/nursingreview.eu\/wp-content\/uploads\/2022\/12\/okladka-CENR-640x1024.png 640w, https:\/\/nursingreview.eu\/wp-content\/uploads\/2022\/12\/okladka-CENR-768x1229.png 768w, https:\/\/nursingreview.eu\/wp-content\/uploads\/2022\/12\/okladka-CENR-960x1536.png 960w, https:\/\/nursingreview.eu\/wp-content\/uploads\/2022\/12\/okladka-CENR.png 1250w\" sizes=\"auto, (max-width: 188px) 100vw, 188px\" \/><\/a><\/td>\n<\/tr>\n<tr class=\"row-2 even\">\n\t<td class=\"column-1\"><\/td><td class=\"column-2\"><strong>I. THEMATIC ARTICLES <\/td>\n<\/tr>\n<tr class=\"row-3 odd\">\n\t<td class=\"column-1\">Agnieszka K. Paw\u0142owska-Muc, Monika Borek, Anna B. Pilewska-Kozak, Gra\u017cyna Stadnicka, Beata Deja-Makara <\/td><td class=\"column-2\"><a href=\"https:\/\/nursingreview.eu\/wp-content\/uploads\/2022\/12\/CENR_2022_1_Pawlowska-Muc.pdf\" rel=\"noopener\" target=\"_blank\">The health of women experiencing violence <\/a><\/td>\n<\/tr>\n<tr class=\"row-4 even\">\n\t<td class=\"column-1\">Petro Pokotylo, Yuriy Fedevych, Natalia Denysenk, Maxim Logash, Igor Genyk<\/td><td class=\"column-2\"><a href=\"https:\/\/nursingreview.eu\/wp-content\/uploads\/2022\/12\/CENR_2022_1_Pokotylo.pdf\" rel=\"noopener\" target=\"_blank\">Changes in the mitochondrial apparatus of cardiomyocytes under the influence of opioid in the experiment <\/a><\/td>\n<\/tr>\n<tr class=\"row-5 odd\">\n\t<td class=\"column-1\">Anna Rochewicz, Anna Ma\u0142ecka-Dubiela, Sandra Lange <\/td><td class=\"column-2\"><a href=\"https:\/\/nursingreview.eu\/wp-content\/uploads\/2022\/12\/CENR_2022_1_Rochewicz.pdf\" rel=\"noopener\" target=\"_blank\">Assessment of Nurses' Knowledge of First Aid<\/a><\/td>\n<\/tr>\n<tr class=\"row-6 even\">\n\t<td class=\"column-1\">Zofia \u015aliwi\u0144ska, Zbigniew \u015aliwi\u0144ski, Arkadiusz \u017burawski, Marek Wieche\u0107, Marlena Skwiot, Grzegorz \u015aliwi\u0144ski <\/td><td class=\"column-2\"><a href=\"https:\/\/nursingreview.eu\/wp-content\/uploads\/2022\/12\/CENR_2022_1_Sliwinska.pdf\" rel=\"noopener\" target=\"_blank\">Occupational burnout in paramedics: A systematic review of current research<\/a><\/td>\n<\/tr>\n<tr class=\"row-7 odd\">\n\t<td class=\"column-1\">Magda Tortladze, MariamTodua <\/td><td class=\"column-2\"><a href=\"https:\/\/nursingreview.eu\/wp-content\/uploads\/2022\/12\/CENR_2022_1_Tortladze.pdf\" rel=\"noopener\" target=\"_blank\">Covid- 19 and Preeclampsia<\/a><\/td>\n<\/tr>\n<tr class=\"row-8 even\">\n\t<td class=\"column-1\">Patrycja Trojnar, Anna Mnich, Marek Muster, Izabela Sa\u0142aci\u0144ska, Pawe\u0142 Wi\u0119ch<\/td><td class=\"column-2\"><a href=\"https:\/\/nursingreview.eu\/wp-content\/uploads\/2022\/12\/CENR_2022_1_Trojnar.pdf\" rel=\"noopener\" target=\"_blank\">Selected factors determining the quality of cardiopulmonary resuscitation performed by healthcare stuff without medical degree<\/a><\/td>\n<\/tr>\n<\/tbody>\n<\/table>\n<!-- #tablepress-6 from cache -->\n","protected":false},"excerpt":{"rendered":"","protected":false},"author":1,"featured_media":0,"parent":0,"menu_order":0,"comment_status":"closed","ping_status":"closed","template":"","meta":{"footnotes":""},"class_list":["post-417","page","type-page","status-publish","hentry"],"yoast_head":"<!-- This site is optimized with the Yoast SEO plugin v16.1.1 - https:\/\/yoast.com\/wordpress\/plugins\/seo\/ -->\n<link rel=\"canonical\" href=\"https:\/\/nursingreview.eu\/?page_id=417\" \/>\n<meta property=\"og:locale\" content=\"en_US\" \/>\n<meta property=\"og:type\" content=\"article\" \/>\n<meta property=\"og:title\" content=\"2022 - CENTRAL EUROPEAN NURSING REVIEW\" \/>\n<meta property=\"og:url\" content=\"https:\/\/nursingreview.eu\/?page_id=417\" \/>\n<meta property=\"og:site_name\" content=\"CENTRAL EUROPEAN NURSING REVIEW\" \/>\n<meta property=\"article:modified_time\" content=\"2022-11-27T17:46:14+00:00\" \/>\n<meta name=\"twitter:card\" content=\"summary_large_image\" \/>\n<meta name=\"twitter:label1\" content=\"Est. reading time\">\n\t<meta name=\"twitter:data1\" content=\"1 minute\">\n<script type=\"application\/ld+json\" class=\"yoast-schema-graph\">{\"@context\":\"https:\/\/schema.org\",\"@graph\":[{\"@type\":\"WebSite\",\"@id\":\"http:\/\/nursingreview.eu\/#website\",\"url\":\"http:\/\/nursingreview.eu\/\",\"name\":\"CENTRAL EUROPEAN NURSING REVIEW\",\"description\":\"\",\"potentialAction\":[{\"@type\":\"SearchAction\",\"target\":\"http:\/\/nursingreview.eu\/?s={search_term_string}\",\"query-input\":\"required name=search_term_string\"}],\"inLanguage\":\"en-US\"},{\"@type\":\"WebPage\",\"@id\":\"https:\/\/nursingreview.eu\/?page_id=417#webpage\",\"url\":\"https:\/\/nursingreview.eu\/?page_id=417\",\"name\":\"2022 - CENTRAL EUROPEAN NURSING REVIEW\",\"isPartOf\":{\"@id\":\"http:\/\/nursingreview.eu\/#website\"},\"datePublished\":\"2022-11-27T17:41:20+00:00\",\"dateModified\":\"2022-11-27T17:46:14+00:00\",\"breadcrumb\":{\"@id\":\"https:\/\/nursingreview.eu\/?page_id=417#breadcrumb\"},\"inLanguage\":\"en-US\",\"potentialAction\":[{\"@type\":\"ReadAction\",\"target\":[\"https:\/\/nursingreview.eu\/?page_id=417\"]}]},{\"@type\":\"BreadcrumbList\",\"@id\":\"https:\/\/nursingreview.eu\/?page_id=417#breadcrumb\",\"itemListElement\":[{\"@type\":\"ListItem\",\"position\":1,\"item\":{\"@type\":\"WebPage\",\"@id\":\"http:\/\/nursingreview.eu\/\",\"url\":\"http:\/\/nursingreview.eu\/\",\"name\":\"Home\"}},{\"@type\":\"ListItem\",\"position\":2,\"item\":{\"@type\":\"WebPage\",\"@id\":\"https:\/\/nursingreview.eu\/?page_id=417\",\"url\":\"https:\/\/nursingreview.eu\/?page_id=417\",\"name\":\"2022\"}}]}]}<\/script>\n<!-- \/ Yoast SEO plugin. -->","_links":{"self":[{"href":"https:\/\/nursingreview.eu\/index.php?rest_route=\/wp\/v2\/pages\/417","targetHints":{"allow":["GET"]}}],"collection":[{"href":"https:\/\/nursingreview.eu\/index.php?rest_route=\/wp\/v2\/pages"}],"about":[{"href":"https:\/\/nursingreview.eu\/index.php?rest_route=\/wp\/v2\/types\/page"}],"author":[{"embeddable":true,"href":"https:\/\/nursingreview.eu\/index.php?rest_route=\/wp\/v2\/users\/1"}],"replies":[{"embeddable":true,"href":"https:\/\/nursingreview.eu\/index.php?rest_route=%2Fwp%2Fv2%2Fcomments&post=417"}],"version-history":[{"count":4,"href":"https:\/\/nursingreview.eu\/index.php?rest_route=\/wp\/v2\/pages\/417\/revisions"}],"predecessor-version":[{"id":422,"href":"https:\/\/nursingreview.eu\/index.php?rest_route=\/wp\/v2\/pages\/417\/revisions\/422"}],"wp:attachment":[{"href":"https:\/\/nursingreview.eu\/index.php?rest_route=%2Fwp%2Fv2%2Fmedia&parent=417"}],"curies":[{"name":"wp","href":"https:\/\/api.w.org\/{rel}","templated":true}]}}