{"id":464,"date":"2024-10-27T18:22:53","date_gmt":"2024-10-27T17:22:53","guid":{"rendered":"https:\/\/nursingreview.eu\/?page_id=464"},"modified":"2024-10-27T18:30:09","modified_gmt":"2024-10-27T17:30:09","slug":"2024-2","status":"publish","type":"page","link":"https:\/\/nursingreview.eu\/?page_id=464","title":{"rendered":"2024"},"content":{"rendered":"\n<table id=\"tablepress-8\" class=\"tablepress tablepress-id-8\">\n<tbody class=\"row-hover\">\n<tr class=\"row-1 odd\">\n\t<td class=\"column-1\">full download<\/td><td class=\"column-2\"><a href=\"https:\/\/nursingreview.eu\/wp-content\/uploads\/2024\/10\/CENR_2024_2.pdf\" rel=\"noopener\" target=\"_blank\"><img loading=\"lazy\" decoding=\"async\" src=\"https:\/\/nursingreview.eu\/wp-content\/uploads\/2022\/12\/okladka-CENR-188x300.png\" alt=\"\" width=\"188\" height=\"300\" class=\"alignnone size-medium wp-image-443\" srcset=\"https:\/\/nursingreview.eu\/wp-content\/uploads\/2022\/12\/okladka-CENR-188x300.png 188w, https:\/\/nursingreview.eu\/wp-content\/uploads\/2022\/12\/okladka-CENR-640x1024.png 640w, https:\/\/nursingreview.eu\/wp-content\/uploads\/2022\/12\/okladka-CENR-768x1229.png 768w, https:\/\/nursingreview.eu\/wp-content\/uploads\/2022\/12\/okladka-CENR-960x1536.png 960w, https:\/\/nursingreview.eu\/wp-content\/uploads\/2022\/12\/okladka-CENR.png 1250w\" sizes=\"auto, (max-width: 188px) 100vw, 188px\" \/><\/a><\/td>\n<\/tr>\n<tr class=\"row-2 even\">\n\t<td class=\"column-1\"><\/td><td class=\"column-2\"><strong>I. THEMATIC ARTICLES <\/td>\n<\/tr>\n<tr class=\"row-3 odd\">\n\t<td class=\"column-1\">Dorota Maci\u0105g, Renata Zieli\u0144ska, Monika Borek, Ma\u0142gorzata Cicho\u0144ska<\/td><td class=\"column-2\"><a href=\"https:\/\/nursingreview.eu\/wp-content\/uploads\/2024\/10\/CENR_2024_2_Maciag.pdf\" rel=\"noopener\" target=\"_blank\">Quality of Life and Health Behaviours of Patients with End-Stage Renal Disease<\/a><\/td>\n<\/tr>\n<tr class=\"row-4 even\">\n\t<td class=\"column-1\">Ma\u0142gorzata Cicho\u0144ska, Ilona Kubit, Dorota Maci\u0105g, Agnieszka Paw\u0142owska-Muc<\/td><td class=\"column-2\"><a href=\"https:\/\/nursingreview.eu\/wp-content\/uploads\/2024\/10\/CENR_2024_2_Cichonska.pdf\" rel=\"noopener\" target=\"_blank\">Coping Strategies in Chronic Radiculalgia<\/a><\/td>\n<\/tr>\n<tr class=\"row-5 odd\">\n\t<td class=\"column-1\">Iryna Pylypchuk, Vadym Flud, Sofia Pylypchuk<\/td><td class=\"column-2\"><a href=\"https:\/\/nursingreview.eu\/wp-content\/uploads\/2024\/10\/CENR_2024_2_Pylypchuk.pdf\" rel=\"noopener\" target=\"_blank\">Effect of intrauterine cytomegalovirus infection on placental formation and the mechanism of pregnancy failure<\/a><\/td>\n<\/tr>\n<tr class=\"row-6 even\">\n\t<td class=\"column-1\">Agnieszka K. Paw\u0142owska-Muc, Monika Borek, Anna B. Pilewska-Kozak, Gra\u017cyna Stadnicka, Joanna Hamerska<\/td><td class=\"column-2\"><a href=\"https:\/\/nursingreview.eu\/wp-content\/uploads\/2024\/10\/CENR_2024_2_Muc.pdf\" rel=\"noopener\" target=\"_blank\">Post-traumatic stress disorder among nursing staff facing the COVID-19 pandemic<\/a><\/td>\n<\/tr>\n<tr class=\"row-7 odd\">\n\t<td class=\"column-1\">Oliwia Czapli\u0144ska<\/td><td class=\"column-2\"><a href=\"https:\/\/nursingreview.eu\/wp-content\/uploads\/2024\/10\/CENR_2024_2_Czaplinska.pdf\" rel=\"noopener\" target=\"_blank\">Civil liability for a nurse's medical fault. Selected issues..<\/a><\/td>\n<\/tr>\n<\/tbody>\n<\/table>\n<!-- #tablepress-8 from cache -->\n\n\n\n<p><\/p>\n","protected":false},"excerpt":{"rendered":"","protected":false},"author":1,"featured_media":0,"parent":0,"menu_order":0,"comment_status":"closed","ping_status":"closed","template":"","meta":{"footnotes":""},"class_list":["post-464","page","type-page","status-publish","hentry"],"yoast_head":"<!-- This site is optimized with the Yoast SEO plugin v16.1.1 - https:\/\/yoast.com\/wordpress\/plugins\/seo\/ -->\n<link rel=\"canonical\" href=\"https:\/\/nursingreview.eu\/?page_id=464\" \/>\n<meta property=\"og:locale\" content=\"en_US\" \/>\n<meta property=\"og:type\" content=\"article\" \/>\n<meta property=\"og:title\" content=\"2024 - CENTRAL EUROPEAN NURSING REVIEW\" \/>\n<meta property=\"og:url\" content=\"https:\/\/nursingreview.eu\/?page_id=464\" \/>\n<meta property=\"og:site_name\" content=\"CENTRAL EUROPEAN NURSING REVIEW\" \/>\n<meta property=\"article:modified_time\" content=\"2024-10-27T17:30:09+00:00\" \/>\n<meta name=\"twitter:card\" content=\"summary_large_image\" \/>\n<script type=\"application\/ld+json\" class=\"yoast-schema-graph\">{\"@context\":\"https:\/\/schema.org\",\"@graph\":[{\"@type\":\"WebSite\",\"@id\":\"http:\/\/nursingreview.eu\/#website\",\"url\":\"http:\/\/nursingreview.eu\/\",\"name\":\"CENTRAL EUROPEAN NURSING REVIEW\",\"description\":\"\",\"potentialAction\":[{\"@type\":\"SearchAction\",\"target\":\"http:\/\/nursingreview.eu\/?s={search_term_string}\",\"query-input\":\"required name=search_term_string\"}],\"inLanguage\":\"en-US\"},{\"@type\":\"WebPage\",\"@id\":\"https:\/\/nursingreview.eu\/?page_id=464#webpage\",\"url\":\"https:\/\/nursingreview.eu\/?page_id=464\",\"name\":\"2024 - CENTRAL EUROPEAN NURSING REVIEW\",\"isPartOf\":{\"@id\":\"http:\/\/nursingreview.eu\/#website\"},\"datePublished\":\"2024-10-27T17:22:53+00:00\",\"dateModified\":\"2024-10-27T17:30:09+00:00\",\"breadcrumb\":{\"@id\":\"https:\/\/nursingreview.eu\/?page_id=464#breadcrumb\"},\"inLanguage\":\"en-US\",\"potentialAction\":[{\"@type\":\"ReadAction\",\"target\":[\"https:\/\/nursingreview.eu\/?page_id=464\"]}]},{\"@type\":\"BreadcrumbList\",\"@id\":\"https:\/\/nursingreview.eu\/?page_id=464#breadcrumb\",\"itemListElement\":[{\"@type\":\"ListItem\",\"position\":1,\"item\":{\"@type\":\"WebPage\",\"@id\":\"http:\/\/nursingreview.eu\/\",\"url\":\"http:\/\/nursingreview.eu\/\",\"name\":\"Home\"}},{\"@type\":\"ListItem\",\"position\":2,\"item\":{\"@type\":\"WebPage\",\"@id\":\"https:\/\/nursingreview.eu\/?page_id=464\",\"url\":\"https:\/\/nursingreview.eu\/?page_id=464\",\"name\":\"2024\"}}]}]}<\/script>\n<!-- \/ Yoast SEO plugin. -->","_links":{"self":[{"href":"https:\/\/nursingreview.eu\/index.php?rest_route=\/wp\/v2\/pages\/464","targetHints":{"allow":["GET"]}}],"collection":[{"href":"https:\/\/nursingreview.eu\/index.php?rest_route=\/wp\/v2\/pages"}],"about":[{"href":"https:\/\/nursingreview.eu\/index.php?rest_route=\/wp\/v2\/types\/page"}],"author":[{"embeddable":true,"href":"https:\/\/nursingreview.eu\/index.php?rest_route=\/wp\/v2\/users\/1"}],"replies":[{"embeddable":true,"href":"https:\/\/nursingreview.eu\/index.php?rest_route=%2Fwp%2Fv2%2Fcomments&post=464"}],"version-history":[{"count":4,"href":"https:\/\/nursingreview.eu\/index.php?rest_route=\/wp\/v2\/pages\/464\/revisions"}],"predecessor-version":[{"id":471,"href":"https:\/\/nursingreview.eu\/index.php?rest_route=\/wp\/v2\/pages\/464\/revisions\/471"}],"wp:attachment":[{"href":"https:\/\/nursingreview.eu\/index.php?rest_route=%2Fwp%2Fv2%2Fmedia&parent=464"}],"curies":[{"name":"wp","href":"https:\/\/api.w.org\/{rel}","templated":true}]}}